{"id":27773,"date":"2024-01-04T16:57:06","date_gmt":"2024-01-04T15:57:06","guid":{"rendered":"https:\/\/lets-scale.it\/blog\/"},"modified":"2025-07-18T18:16:51","modified_gmt":"2025-07-18T16:16:51","slug":"blog","status":"publish","type":"page","link":"https:\/\/lets-scale.it\/en\/blog\/","title":{"rendered":"Blog"},"content":{"rendered":"\t\t<div data-elementor-type=\"wp-page\" data-elementor-id=\"27773\" class=\"elementor elementor-27773 elementor-26841\" data-elementor-post-type=\"page\">\n\t\t\t\t\t\t<section class=\"jet-tricks-particles-section elementor-section elementor-top-section elementor-element elementor-element-5e6de2b elementor-section-content-middle elementor-section-boxed elementor-section-height-default elementor-section-height-default\" data-id=\"5e6de2b\" data-element_type=\"section\" data-e-type=\"section\" data-settings=\"{&quot;background_background&quot;:&quot;classic&quot;,&quot;jet_parallax_layout_list&quot;:[]}\">\n\t\t\t\t\t\t\t<div class=\"elementor-background-overlay\"><\/div>\n\t\t\t\t\t\t\t<div class=\"elementor-container elementor-column-gap-default\">\n\t\t\t\t\t<div class=\"elementor-column elementor-col-100 elementor-top-column elementor-element elementor-element-7aa54aab\" data-id=\"7aa54aab\" data-element_type=\"column\" data-e-type=\"column\">\n\t\t\t<div class=\"elementor-widget-wrap elementor-element-populated\">\n\t\t\t\t\t\t<div class=\"elementor-element elementor-element-7cb135b9 elementor-widget elementor-widget-heading\" data-id=\"7cb135b9\" data-element_type=\"widget\" data-e-type=\"widget\" data-widget_type=\"heading.default\">\n\t\t\t\t\t<h1 class=\"elementor-heading-title elementor-size-default\">Blog<\/h1>\t\t\t\t<\/div>\n\t\t\t\t<div class=\"elementor-element elementor-element-be2cf3f elementor-widget elementor-widget-heading\" data-id=\"be2cf3f\" data-element_type=\"widget\" data-e-type=\"widget\" data-widget_type=\"heading.default\">\n\t\t\t\t\t<h2 class=\"elementor-heading-title elementor-size-default\">Our high-end IT consulting makes exactly that possible<\/h2>\t\t\t\t<\/div>\n\t\t\t\t<section class=\"elementor-section elementor-inner-section elementor-element elementor-element-773dab4a elementor-section-boxed elementor-section-height-default elementor-section-height-default\" data-id=\"773dab4a\" data-element_type=\"section\" data-e-type=\"section\" data-settings=\"{&quot;jet_parallax_layout_list&quot;:[]}\">\n\t\t\t\t\t\t<div class=\"elementor-container elementor-column-gap-default\">\n\t\t\t\t\t<div class=\"elementor-column elementor-col-100 elementor-inner-column elementor-element elementor-element-b7073c0\" data-id=\"b7073c0\" data-element_type=\"column\" data-e-type=\"column\">\n\t\t\t<div class=\"elementor-widget-wrap elementor-element-populated\">\n\t\t\t\t\t\t<div class=\"elementor-element elementor-element-f247aa5 elementor-widget elementor-widget-jet-posts\" data-id=\"f247aa5\" data-element_type=\"widget\" data-e-type=\"widget\" data-settings=\"{&quot;columns&quot;:&quot;3&quot;,&quot;columns_tablet_extra&quot;:&quot;3&quot;,&quot;columns_tablet&quot;:&quot;2&quot;,&quot;columns_mobile_extra&quot;:&quot;2&quot;,&quot;columns_mobile&quot;:&quot;1&quot;,&quot;slides_to_scroll&quot;:&quot;1&quot;}\" data-widget_type=\"jet-posts.default\">\n\t\t\t\t<div class=\"elementor-widget-container\">\n\t\t\t\t\t<div class=\"elementor-jet-posts jet-elements\"><div class=\"jet-posts col-row \"><div class=\"jet-posts__item\">\n\t<div class=\"jet-posts__inner-box\"><div class=\"jet-posts__terms\"><a href=\"https:\/\/lets-scale.it\/en\/category\/it-monitoring-en\/\" class=\"jet-posts__terms-link\">IT Monitoring<\/a><\/div><div class=\"jet-posts__inner-content\"><h4 class=\"entry-title\"><a href=\"https:\/\/lets-scale.it\/en\/2024\/02\/17\/how-you-can-act-effectively-after-a-critical-it-disruption\/\" target=\"\">How you can act effectively after a critical IT disruption<\/a><\/h4><div class=\"post-meta\"><span class=\"posted-by post-meta__item\">Posted by <a href=\"https:\/\/lets-scale.it\/en\/author\/daniel\/\"  class=\"posted-by__author\" rel=\"author\">Daniel Ross<\/a><\/span><span class=\"post__date post-meta__item\"><a href=\"https:\/\/lets-scale.it\/en\/2024\/02\/17\/\"  class=\"post__date-link\" ><time datetime=\"2024-02-17T11:57:12+01:00\" title=\"2024-02-17T11:57:12+01:00\">17. February 2024<\/time><\/a><\/span><\/div><div class=\"entry-excerpt\">In the digital age, the IT infrastructure is the backbone of every company. But what happens if a critical IT&hellip;<\/div><div class=\"jet-more-wrap\"><a href=\"https:\/\/lets-scale.it\/en\/2024\/02\/17\/how-you-can-act-effectively-after-a-critical-it-disruption\/\" class=\"btn btn-primary elementor-button elementor-size-md jet-more\" target=\"\"><span class=\"btn__text\">Read more<\/span><\/a><\/div><\/div><\/div>\n<\/div>\n<div class=\"jet-posts__item\">\n\t<div class=\"jet-posts__inner-box\"><div class=\"jet-posts__terms\"><a href=\"https:\/\/lets-scale.it\/en\/category\/it-monitoring-en\/\" class=\"jet-posts__terms-link\">IT Monitoring<\/a><\/div><div class=\"jet-posts__inner-content\"><h4 class=\"entry-title\"><a href=\"https:\/\/lets-scale.it\/en\/2024\/02\/13\/mastering-it-challenges-with-strategic-it-monitoring\/\" target=\"\">Mastering IT challenges with strategic IT monitoring<\/a><\/h4><div class=\"post-meta\"><span class=\"posted-by post-meta__item\">Posted by <a href=\"https:\/\/lets-scale.it\/en\/author\/daniel\/\"  class=\"posted-by__author\" rel=\"author\">Daniel Ross<\/a><\/span><span class=\"post__date post-meta__item\"><a href=\"https:\/\/lets-scale.it\/en\/2024\/02\/13\/\"  class=\"post__date-link\" ><time datetime=\"2024-02-13T18:27:00+01:00\" title=\"2024-02-13T18:27:00+01:00\">13. February 2024<\/time><\/a><\/span><\/div><div class=\"entry-excerpt\">In today&#8217;s networked business world, IT failures are not just a nuisance, they can have far-reaching consequences &#8211; from dissatisfied&hellip;<\/div><div class=\"jet-more-wrap\"><a href=\"https:\/\/lets-scale.it\/en\/2024\/02\/13\/mastering-it-challenges-with-strategic-it-monitoring\/\" class=\"btn btn-primary elementor-button elementor-size-md jet-more\" target=\"\"><span class=\"btn__text\">Read more<\/span><\/a><\/div><\/div><\/div>\n<\/div>\n<\/div>\n<\/div>\t\t\t\t<\/div>\n\t\t\t\t<\/div>\n\t\t\t\t\t<\/div>\n\t\t<\/div>\n\t\t\t\t\t<\/div>\n\t\t<\/section>\n\t\t\t\t\t<\/div>\n\t\t<\/div>\n\t\t\t\t\t<\/div>\n\t\t<\/section>\n\t\t\t\t<\/div>\n\t\t","protected":false},"excerpt":{"rendered":"<p>Blog Our high-end IT consulting makes exactly that possible IT Monitoring Wie Sie nach einer kritischen IT-St\u00f6rung effektiv handeln k\u00f6nnen Posted by Daniel Ross17. Februar 2024Im digitalen Zeitalter ist die IT-Infrastruktur das R\u00fcckgrat eines jeden Unternehmens. Doch was passiert, wenn eine kritische IT-St\u00f6rung den Gesch\u00e4ftsbetrieb&hellip;Read more IT Monitoring IT-Herausforderungen mit strategischer IT-\u00dcberwachung meistern Posted by [&hellip;]<\/p>\n","protected":false},"author":1,"featured_media":0,"parent":0,"menu_order":0,"comment_status":"closed","ping_status":"closed","template":"","meta":{"footnotes":""},"class_list":["post-27773","page","type-page","status-publish","hentry"],"_links":{"self":[{"href":"https:\/\/lets-scale.it\/en\/wp-json\/wp\/v2\/pages\/27773","targetHints":{"allow":["GET"]}}],"collection":[{"href":"https:\/\/lets-scale.it\/en\/wp-json\/wp\/v2\/pages"}],"about":[{"href":"https:\/\/lets-scale.it\/en\/wp-json\/wp\/v2\/types\/page"}],"author":[{"embeddable":true,"href":"https:\/\/lets-scale.it\/en\/wp-json\/wp\/v2\/users\/1"}],"replies":[{"embeddable":true,"href":"https:\/\/lets-scale.it\/en\/wp-json\/wp\/v2\/comments?post=27773"}],"version-history":[{"count":1,"href":"https:\/\/lets-scale.it\/en\/wp-json\/wp\/v2\/pages\/27773\/revisions"}],"predecessor-version":[{"id":27774,"href":"https:\/\/lets-scale.it\/en\/wp-json\/wp\/v2\/pages\/27773\/revisions\/27774"}],"wp:attachment":[{"href":"https:\/\/lets-scale.it\/en\/wp-json\/wp\/v2\/media?parent=27773"}],"curies":[{"name":"wp","href":"https:\/\/api.w.org\/{rel}","templated":true}]}}